{"id":26833,"date":"2025-09-03T16:40:30","date_gmt":"2025-09-03T20:40:30","guid":{"rendered":"https:\/\/www.evol.ca\/?post_type=product&#038;p=26833"},"modified":"2026-01-07T10:14:24","modified_gmt":"2026-01-07T15:14:24","slug":"cafe-connexions-les-dejeuners-evol-capitale-nationale","status":"publish","type":"product","link":"https:\/\/www.evol.ca\/en\/product\/cafe-connexions-les-dejeuners-evol-capitale-nationale\/","title":{"rendered":"Caf\u00e9-Connexions : Les d\u00e9jeuners Evol | Capitale-Nationale"},"content":{"rendered":"<h6><strong>Joins-toi aux d\u00e9jeuners Evol<\/strong><\/h6>\n<p><span style=\"font-weight: 400;\">Une s\u00e9rie de d\u00e9jeuners mensuels entre entrepreneur\u00b7es. Un moment informel pour \u00e9changer des id\u00e9es, partager vos exp\u00e9riences et s&#8217;inspirer mutuellement. Ce sera \u00e9galement l&#8217;occasion de discuter de d\u00e9fis, de r\u00e9ussites et de nouvelles opportunit\u00e9s, tout en cr\u00e9ant des liens avec d&#8217;autres entrepreneur\u00b7es.\u00a0<\/span><\/p>\n<p><b>DATE : 3e jeudi de chaque mois<br \/>\n<\/b><b>HEURE : 9h30 \u00e0 11h00<br \/>\n<\/b><b>LIEU : Evol<\/b><span style=\"font-weight: 400;\"> (Iberville II, 1175 avenue Lavigerie, Qu\u00e9bec)<\/span><\/p>\n<p><span style=\"font-weight: 400;\"> Activit\u00e9 gratuite, avec caf\u00e9 et viennoiseries offerts sur place<br \/>\n<\/span>Stationnement \u00e0 vos frais<\/p>\n<p><span style=\"font-weight: 400;\"> Ce d\u00e9jeuner est ouvert \u00e0 tou\u00b7tes les entrepreneur\u00b7es. L&#8217;objectif est avant tout de passer un bon moment ensemble et de repartir avec de nouvelles perspectives et inspirations.\u00a0<\/span><\/p>\n<p>&nbsp;<\/p>\n<h6><strong>Informations pratiques<\/strong><\/h6>\n<p><b>Date: <\/b><b>3e jeudi de chaque mois, 9h30 \u00e0 11h00<br \/>\n<\/b><b>Lieu: <\/b><b>Evol<\/b><span style=\"font-weight: 400;\"> (Iberville II, 1175 avenue Lavigerie, Qu\u00e9bec)<br \/>\n<\/span><b>Co\u00fbt: Gratuit<\/b><span style=\"font-weight: 400;\"><br \/>\n<\/span><span style=\"font-weight: 400;\"><br \/>\n<\/span><span style=\"font-weight: 400;\">Des options pour le d\u00e9jeuner seront offertes sur place.<\/span><\/p>\n","protected":false},"excerpt":{"rendered":"<p>&nbsp;<\/p>\n<p>&nbsp;<\/p>\n","protected":false},"featured_media":25533,"template":"","meta":{"_acf_changed":false,"_relevanssi_hide_post":"","_relevanssi_hide_content":"","_relevanssi_pin_for_all":"","_relevanssi_pin_keywords":"","_relevanssi_unpin_keywords":"","_relevanssi_related_keywords":"","_relevanssi_related_include_ids":"","_relevanssi_related_exclude_ids":"","_relevanssi_related_no_append":"","_relevanssi_related_not_related":"","_relevanssi_related_posts":"","_relevanssi_noindex_reason":""},"product_brand":[],"product_cat":[1508],"product_tag":[],"class_list":{"0":"post-26833","1":"product","2":"type-product","3":"status-publish","4":"has-post-thumbnail","6":"product_cat-capitale-nationale","8":"first","9":"instock","10":"virtual","11":"sold-individually","12":"taxable","13":"purchasable","14":"product-type-simple"},"acf":[],"yoast_head":"<!-- This site is optimized with the Yoast SEO Premium plugin v27.3 (Yoast SEO v27.3) - https:\/\/yoast.com\/product\/yoast-seo-premium-wordpress\/ -->\n<title>Caf\u00e9-Connexions : Les d\u00e9jeuners Evol | Capitale-Nationale - evol<\/title>\n<meta name=\"robots\" content=\"index, follow, max-snippet:-1, max-image-preview:large, max-video-preview:-1\" \/>\n<link rel=\"canonical\" href=\"https:\/\/www.evol.ca\/produit\/cafe-connexions-les-dejeuners-evol-capitale-nationale\/\" \/>\n<meta property=\"og:locale\" content=\"en_US\" \/>\n<meta property=\"og:type\" content=\"article\" \/>\n<meta property=\"og:title\" content=\"Caf\u00e9-Connexions : Les d\u00e9jeuners Evol | Capitale-Nationale\" \/>\n<meta property=\"og:description\" content=\"&nbsp;  &nbsp;\" \/>\n<meta property=\"og:url\" content=\"https:\/\/www.evol.ca\/produit\/cafe-connexions-les-dejeuners-evol-capitale-nationale\/\" \/>\n<meta property=\"og:site_name\" content=\"evol\" \/>\n<meta property=\"article:publisher\" content=\"https:\/\/www.facebook.com\/EvolQC\" \/>\n<meta property=\"article:modified_time\" content=\"2026-01-07T15:14:24+00:00\" \/>\n<meta property=\"og:image\" content=\"https:\/\/www.evol.ca\/wp-content\/uploads\/2025\/05\/Colloque-Evol_Visuel-Site_600x600_Forfait-4P.jpg\" \/>\n\t<meta property=\"og:image:width\" content=\"600\" \/>\n\t<meta property=\"og:image:height\" content=\"600\" \/>\n\t<meta property=\"og:image:type\" content=\"image\/jpeg\" \/>\n<meta name=\"twitter:card\" content=\"summary_large_image\" \/>\n<meta name=\"twitter:site\" content=\"@evolfinancement\" \/>\n<meta name=\"twitter:label1\" content=\"Est. reading time\" \/>\n\t<meta name=\"twitter:data1\" content=\"1 minute\" \/>\n<script type=\"application\/ld+json\" class=\"yoast-schema-graph\">{\"@context\":\"https:\\\/\\\/schema.org\",\"@graph\":[{\"@type\":\"WebPage\",\"@id\":\"https:\\\/\\\/www.evol.ca\\\/produit\\\/cafe-connexions-les-dejeuners-evol-capitale-nationale\\\/\",\"url\":\"https:\\\/\\\/www.evol.ca\\\/produit\\\/cafe-connexions-les-dejeuners-evol-capitale-nationale\\\/\",\"name\":\"Caf\u00e9-Connexions : Les d\u00e9jeuners Evol | Capitale-Nationale - evol\",\"isPartOf\":{\"@id\":\"https:\\\/\\\/www.evol.ca\\\/#website\"},\"primaryImageOfPage\":{\"@id\":\"https:\\\/\\\/www.evol.ca\\\/produit\\\/cafe-connexions-les-dejeuners-evol-capitale-nationale\\\/#primaryimage\"},\"image\":{\"@id\":\"https:\\\/\\\/www.evol.ca\\\/produit\\\/cafe-connexions-les-dejeuners-evol-capitale-nationale\\\/#primaryimage\"},\"thumbnailUrl\":\"https:\\\/\\\/www.evol.ca\\\/wp-content\\\/uploads\\\/2025\\\/05\\\/Colloque-Evol_Visuel-Site_600x600_Forfait-4P.jpg\",\"datePublished\":\"2025-09-03T20:40:30+00:00\",\"dateModified\":\"2026-01-07T15:14:24+00:00\",\"breadcrumb\":{\"@id\":\"https:\\\/\\\/www.evol.ca\\\/produit\\\/cafe-connexions-les-dejeuners-evol-capitale-nationale\\\/#breadcrumb\"},\"inLanguage\":\"en-US\",\"potentialAction\":[{\"@type\":\"ReadAction\",\"target\":[\"https:\\\/\\\/www.evol.ca\\\/produit\\\/cafe-connexions-les-dejeuners-evol-capitale-nationale\\\/\"]}]},{\"@type\":\"ImageObject\",\"inLanguage\":\"en-US\",\"@id\":\"https:\\\/\\\/www.evol.ca\\\/produit\\\/cafe-connexions-les-dejeuners-evol-capitale-nationale\\\/#primaryimage\",\"url\":\"https:\\\/\\\/www.evol.ca\\\/wp-content\\\/uploads\\\/2025\\\/05\\\/Colloque-Evol_Visuel-Site_600x600_Forfait-4P.jpg\",\"contentUrl\":\"https:\\\/\\\/www.evol.ca\\\/wp-content\\\/uploads\\\/2025\\\/05\\\/Colloque-Evol_Visuel-Site_600x600_Forfait-4P.jpg\",\"width\":600,\"height\":600},{\"@type\":\"BreadcrumbList\",\"@id\":\"https:\\\/\\\/www.evol.ca\\\/produit\\\/cafe-connexions-les-dejeuners-evol-capitale-nationale\\\/#breadcrumb\",\"itemListElement\":[{\"@type\":\"ListItem\",\"position\":1,\"name\":\"Accueil\",\"item\":\"https:\\\/\\\/www.evol.ca\\\/en\\\/\"},{\"@type\":\"ListItem\",\"position\":2,\"name\":\"Shop\",\"item\":\"https:\\\/\\\/www.evol.ca\\\/shop\\\/\"},{\"@type\":\"ListItem\",\"position\":3,\"name\":\"Caf\u00e9-Connexions : Les d\u00e9jeuners Evol | Capitale-Nationale\"}]},{\"@type\":\"WebSite\",\"@id\":\"https:\\\/\\\/www.evol.ca\\\/#website\",\"url\":\"https:\\\/\\\/www.evol.ca\\\/\",\"name\":\"evol\",\"description\":\"financer le changement\",\"publisher\":{\"@id\":\"https:\\\/\\\/www.evol.ca\\\/#organization\"},\"potentialAction\":[{\"@type\":\"SearchAction\",\"target\":{\"@type\":\"EntryPoint\",\"urlTemplate\":\"https:\\\/\\\/www.evol.ca\\\/?s={search_term_string}\"},\"query-input\":{\"@type\":\"PropertyValueSpecification\",\"valueRequired\":true,\"valueName\":\"search_term_string\"}}],\"inLanguage\":\"en-US\"},{\"@type\":\"Organization\",\"@id\":\"https:\\\/\\\/www.evol.ca\\\/#organization\",\"name\":\"Evol\",\"url\":\"https:\\\/\\\/www.evol.ca\\\/\",\"logo\":{\"@type\":\"ImageObject\",\"inLanguage\":\"en-US\",\"@id\":\"https:\\\/\\\/www.evol.ca\\\/#\\\/schema\\\/logo\\\/image\\\/\",\"url\":\"https:\\\/\\\/www.evol.ca\\\/wp-content\\\/uploads\\\/2021\\\/10\\\/evol_financer_verti_rouge_RGB_FR.svg\",\"contentUrl\":\"https:\\\/\\\/www.evol.ca\\\/wp-content\\\/uploads\\\/2021\\\/10\\\/evol_financer_verti_rouge_RGB_FR.svg\",\"width\":371,\"height\":319,\"caption\":\"Evol\"},\"image\":{\"@id\":\"https:\\\/\\\/www.evol.ca\\\/#\\\/schema\\\/logo\\\/image\\\/\"},\"sameAs\":[\"https:\\\/\\\/www.facebook.com\\\/EvolQC\",\"https:\\\/\\\/x.com\\\/evolfinancement\",\"https:\\\/\\\/www.instagram.com\\\/evolfinancement\\\/\",\"https:\\\/\\\/www.linkedin.com\\\/company\\\/evolfinancement\\\/\",\"https:\\\/\\\/www.youtube.com\\\/channel\\\/UCtul9JAsLW-vB_KrlGSxHOw\"]}]}<\/script>\n<!-- \/ Yoast SEO Premium plugin. -->","yoast_head_json":{"title":"Caf\u00e9-Connexions : Les d\u00e9jeuners Evol | Capitale-Nationale - evol","robots":{"index":"index","follow":"follow","max-snippet":"max-snippet:-1","max-image-preview":"max-image-preview:large","max-video-preview":"max-video-preview:-1"},"canonical":"https:\/\/www.evol.ca\/produit\/cafe-connexions-les-dejeuners-evol-capitale-nationale\/","og_locale":"en_US","og_type":"article","og_title":"Caf\u00e9-Connexions : Les d\u00e9jeuners Evol | Capitale-Nationale","og_description":"&nbsp;  &nbsp;","og_url":"https:\/\/www.evol.ca\/produit\/cafe-connexions-les-dejeuners-evol-capitale-nationale\/","og_site_name":"evol","article_publisher":"https:\/\/www.facebook.com\/EvolQC","article_modified_time":"2026-01-07T15:14:24+00:00","og_image":[{"width":600,"height":600,"url":"https:\/\/www.evol.ca\/wp-content\/uploads\/2025\/05\/Colloque-Evol_Visuel-Site_600x600_Forfait-4P.jpg","type":"image\/jpeg"}],"twitter_card":"summary_large_image","twitter_site":"@evolfinancement","twitter_misc":{"Est. reading time":"1 minute"},"schema":{"@context":"https:\/\/schema.org","@graph":[{"@type":"WebPage","@id":"https:\/\/www.evol.ca\/produit\/cafe-connexions-les-dejeuners-evol-capitale-nationale\/","url":"https:\/\/www.evol.ca\/produit\/cafe-connexions-les-dejeuners-evol-capitale-nationale\/","name":"Caf\u00e9-Connexions : Les d\u00e9jeuners Evol | Capitale-Nationale - evol","isPartOf":{"@id":"https:\/\/www.evol.ca\/#website"},"primaryImageOfPage":{"@id":"https:\/\/www.evol.ca\/produit\/cafe-connexions-les-dejeuners-evol-capitale-nationale\/#primaryimage"},"image":{"@id":"https:\/\/www.evol.ca\/produit\/cafe-connexions-les-dejeuners-evol-capitale-nationale\/#primaryimage"},"thumbnailUrl":"https:\/\/www.evol.ca\/wp-content\/uploads\/2025\/05\/Colloque-Evol_Visuel-Site_600x600_Forfait-4P.jpg","datePublished":"2025-09-03T20:40:30+00:00","dateModified":"2026-01-07T15:14:24+00:00","breadcrumb":{"@id":"https:\/\/www.evol.ca\/produit\/cafe-connexions-les-dejeuners-evol-capitale-nationale\/#breadcrumb"},"inLanguage":"en-US","potentialAction":[{"@type":"ReadAction","target":["https:\/\/www.evol.ca\/produit\/cafe-connexions-les-dejeuners-evol-capitale-nationale\/"]}]},{"@type":"ImageObject","inLanguage":"en-US","@id":"https:\/\/www.evol.ca\/produit\/cafe-connexions-les-dejeuners-evol-capitale-nationale\/#primaryimage","url":"https:\/\/www.evol.ca\/wp-content\/uploads\/2025\/05\/Colloque-Evol_Visuel-Site_600x600_Forfait-4P.jpg","contentUrl":"https:\/\/www.evol.ca\/wp-content\/uploads\/2025\/05\/Colloque-Evol_Visuel-Site_600x600_Forfait-4P.jpg","width":600,"height":600},{"@type":"BreadcrumbList","@id":"https:\/\/www.evol.ca\/produit\/cafe-connexions-les-dejeuners-evol-capitale-nationale\/#breadcrumb","itemListElement":[{"@type":"ListItem","position":1,"name":"Accueil","item":"https:\/\/www.evol.ca\/en\/"},{"@type":"ListItem","position":2,"name":"Shop","item":"https:\/\/www.evol.ca\/shop\/"},{"@type":"ListItem","position":3,"name":"Caf\u00e9-Connexions : Les d\u00e9jeuners Evol | Capitale-Nationale"}]},{"@type":"WebSite","@id":"https:\/\/www.evol.ca\/#website","url":"https:\/\/www.evol.ca\/","name":"evol","description":"financer le changement","publisher":{"@id":"https:\/\/www.evol.ca\/#organization"},"potentialAction":[{"@type":"SearchAction","target":{"@type":"EntryPoint","urlTemplate":"https:\/\/www.evol.ca\/?s={search_term_string}"},"query-input":{"@type":"PropertyValueSpecification","valueRequired":true,"valueName":"search_term_string"}}],"inLanguage":"en-US"},{"@type":"Organization","@id":"https:\/\/www.evol.ca\/#organization","name":"Evol","url":"https:\/\/www.evol.ca\/","logo":{"@type":"ImageObject","inLanguage":"en-US","@id":"https:\/\/www.evol.ca\/#\/schema\/logo\/image\/","url":"https:\/\/www.evol.ca\/wp-content\/uploads\/2021\/10\/evol_financer_verti_rouge_RGB_FR.svg","contentUrl":"https:\/\/www.evol.ca\/wp-content\/uploads\/2021\/10\/evol_financer_verti_rouge_RGB_FR.svg","width":371,"height":319,"caption":"Evol"},"image":{"@id":"https:\/\/www.evol.ca\/#\/schema\/logo\/image\/"},"sameAs":["https:\/\/www.facebook.com\/EvolQC","https:\/\/x.com\/evolfinancement","https:\/\/www.instagram.com\/evolfinancement\/","https:\/\/www.linkedin.com\/company\/evolfinancement\/","https:\/\/www.youtube.com\/channel\/UCtul9JAsLW-vB_KrlGSxHOw"]}]}},"_links":{"self":[{"href":"https:\/\/www.evol.ca\/en\/wp-json\/wp\/v2\/product\/26833","targetHints":{"allow":["GET"]}}],"collection":[{"href":"https:\/\/www.evol.ca\/en\/wp-json\/wp\/v2\/product"}],"about":[{"href":"https:\/\/www.evol.ca\/en\/wp-json\/wp\/v2\/types\/product"}],"wp:featuredmedia":[{"embeddable":true,"href":"https:\/\/www.evol.ca\/en\/wp-json\/wp\/v2\/media\/25533"}],"wp:attachment":[{"href":"https:\/\/www.evol.ca\/en\/wp-json\/wp\/v2\/media?parent=26833"}],"wp:term":[{"taxonomy":"product_brand","embeddable":true,"href":"https:\/\/www.evol.ca\/en\/wp-json\/wp\/v2\/product_brand?post=26833"},{"taxonomy":"product_cat","embeddable":true,"href":"https:\/\/www.evol.ca\/en\/wp-json\/wp\/v2\/product_cat?post=26833"},{"taxonomy":"product_tag","embeddable":true,"href":"https:\/\/www.evol.ca\/en\/wp-json\/wp\/v2\/product_tag?post=26833"}],"curies":[{"name":"wp","href":"https:\/\/api.w.org\/{rel}","templated":true}]}}