{"id":4835,"date":"2021-11-09T22:36:24","date_gmt":"2021-11-10T03:36:24","guid":{"rendered":"https:\/\/www.evol.ca\/?page_id=4835"},"modified":"2025-11-17T15:41:37","modified_gmt":"2025-11-17T20:41:37","slug":"acquisition-and-growth","status":"publish","type":"page","link":"https:\/\/www.evol.ca\/en\/acquisition-and-growth\/","title":{"rendered":"business loan"},"content":{"rendered":"\n<h6 class=\"wp-block-heading\" id=\"h-loans-from-20-000-to-450-000\"><strong>loans from $20,000 to $450,000<\/strong><\/h6>\n\n\n\n<ul class=\"wp-block-list has-large-font-size\">\n<li>requires a capital outlay of at least 5% of the value of the project;<\/li>\n\n\n\n<li>maximum amortization of 8 years;<\/li>\n\n\n\n<li>interest rate calculated from a base rate, plus a % based on the risk premium associated with the business;<\/li>\n\n\n\n<li>possibility of a moratorium when the loan is granted or during its term;<\/li>\n\n\n\n<li>File set-up fees:\n<ul class=\"wp-block-list\">\n<li>For loans between $20,000\u00a0and $75,000: $350<\/li>\n\n\n\n<li>For loans between $75,001 and $250,000: $500<\/li>\n\n\n\n<li>For loans between $250,001 and $450,000: $650<\/li>\n<\/ul>\n<\/li>\n\n\n\n<li>Loan management fee (amount charged annually on the loan anniversary date), calculated as follows:\n<ul class=\"wp-block-list\">\n<li>Rate of 0.40% of the balance of the loan, for a minimum of $200 and a maximum of $2700.<\/li>\n<\/ul>\n<\/li>\n\n\n\n<li>The business must contribute to one or more of the UN\u2019s 17 Sustainable Development Goals as an impact enterprise (business whose services or products offer a solution to a social or environmental issue) OR an eco-friendly business (business committed to integrating or improving sustainable development practices during the course of its financing).<\/li>\n<\/ul>\n\n\n\n<h6 class=\"wp-block-heading\" id=\"h-documents-required-to-start-an-application\"><strong>documents required to start an application<\/strong><\/h6>\n\n\n\n<ul class=\"wp-block-list has-large-font-size\">\n<li>business plan and\/or project summary;<\/li>\n\n\n\n<li>two-year financial forecasts;<\/li>\n\n\n\n<li>financial reports for the past 3 years (when possible);<\/li>\n\n\n\n<li>the most recent interim financial statements;<\/li>\n\n\n\n<li>in the case of an acquisition:\u2009signed letter of offer and\/or tax memo.<\/li>\n<\/ul>\n\n\n<section class=\"evol-spacer\"><\/section>\n\n\n<div class=\"block-background  light-mode\" \n style=&quot;background-color:#b2d0d3;&quot; >\n    <span class=\"block-background__label\">Content with background<\/span>\n  \n    \n<section class=\"evol-spacer\"><\/section>\n\n\n\n<h3 class=\"wp-block-heading\" id=\"h-we-empower-entrepreneurs-to-achieve-their-ambitions\">we empower entrepreneurs to achieve their ambitions<\/h3>\n\n\n\n<ul class=\"wp-block-list has-large-font-size\">\n<li><a href=\"https:\/\/www.evol.ca\/en\/acquisition-and-growth\/\" target=\"_blank\" rel=\"noreferrer noopener\"><\/a>possibility of financing the acquisition of tangible and intangible assets, working capital related to business operations after the loan is granted, development and marketing of new products and services for an existing business as well as share purchases or buybacks;<\/li>\n\n\n\n<li>most sectors of activity are eligible;<\/li>\n\n\n\n<li>interest rate calculated based on risk levels;<\/li>\n\n\n\n<li>amortization period from 2 to 8 years;<\/li>\n\n\n\n<li>possibility of a moratorium when the loan is granted and during its term;<\/li>\n\n\n\n<li>possibility of a moratorium for parental leave;<\/li>\n\n\n\n<li>application and file management fees apply.<\/li>\n<\/ul>\n\n\n\n<p><a href=\"https:\/\/www.evol.ca\/wp-content\/uploads\/2025\/11\/evol_politique_financement_EN.pdf\" target=\"_blank\" rel=\"noreferrer noopener\">Learn more about our financing policy<\/a><\/p>\n\n\n<section class=\"evol-spacer\"><\/section>\n\n\n\n<div class=\"wp-block-buttons is-layout-flex wp-block-buttons-is-layout-flex\">\n<div class=\"wp-block-button is-style-outline is-style-outline--1\"><a class=\"wp-block-button__link wp-element-button\" href=\"https:\/\/www.evol.ca\/en\/financing\/\">return to the financing page<\/a><\/div>\n<\/div>\n\n\n<section class=\"evol-spacer\"><\/section>\n\n\n\n<\/div>\n\n                    \n","protected":false},"excerpt":{"rendered":"<p>loans from $20,000 to $450,000 documents required to start an application<\/p>\n","protected":false},"author":2,"featured_media":0,"parent":0,"menu_order":20,"comment_status":"closed","ping_status":"closed","template":"","meta":{"_acf_changed":false,"_relevanssi_hide_post":"","_relevanssi_hide_content":"","_relevanssi_pin_for_all":"","_relevanssi_pin_keywords":"","_relevanssi_unpin_keywords":"","_relevanssi_related_keywords":"","_relevanssi_related_include_ids":"","_relevanssi_related_exclude_ids":"","_relevanssi_related_no_append":"","_relevanssi_related_not_related":"","_relevanssi_related_posts":"","_relevanssi_noindex_reason":"","footnotes":""},"class_list":["post-4835","page","type-page","status-publish","hentry"],"acf":[],"yoast_head":"<!-- This site is optimized with the Yoast SEO Premium plugin v27.4 (Yoast SEO v27.4) - https:\/\/yoast.com\/product\/yoast-seo-premium-wordpress\/ -->\n<title>business loan - evol<\/title>\n<meta name=\"robots\" content=\"index, follow, max-snippet:-1, max-image-preview:large, max-video-preview:-1\" \/>\n<link rel=\"canonical\" href=\"https:\/\/www.evol.ca\/en\/acquisition-and-growth\/\" \/>\n<meta property=\"og:locale\" content=\"en_US\" \/>\n<meta property=\"og:type\" content=\"article\" \/>\n<meta property=\"og:title\" content=\"business loan\" \/>\n<meta property=\"og:description\" content=\"loans from $20,000 to $450,000 documents required to start an application\" \/>\n<meta property=\"og:url\" content=\"https:\/\/www.evol.ca\/en\/acquisition-and-growth\/\" \/>\n<meta property=\"og:site_name\" content=\"evol\" \/>\n<meta property=\"article:publisher\" content=\"https:\/\/www.facebook.com\/EvolQC\" \/>\n<meta property=\"article:modified_time\" content=\"2025-11-17T20:41:37+00:00\" \/>\n<meta name=\"twitter:card\" content=\"summary_large_image\" \/>\n<meta name=\"twitter:label1\" content=\"Est. reading time\" \/>\n\t<meta name=\"twitter:data1\" content=\"2 minutes\" \/>\n<script type=\"application\/ld+json\" class=\"yoast-schema-graph\">{\"@context\":\"https:\\\/\\\/schema.org\",\"@graph\":[{\"@type\":\"WebPage\",\"@id\":\"https:\\\/\\\/www.evol.ca\\\/en\\\/acquisition-and-growth\\\/\",\"url\":\"https:\\\/\\\/www.evol.ca\\\/en\\\/acquisition-and-growth\\\/\",\"name\":\"business loan - evol\",\"isPartOf\":{\"@id\":\"https:\\\/\\\/www.evol.ca\\\/#website\"},\"datePublished\":\"2021-11-10T03:36:24+00:00\",\"dateModified\":\"2025-11-17T20:41:37+00:00\",\"breadcrumb\":{\"@id\":\"https:\\\/\\\/www.evol.ca\\\/en\\\/acquisition-and-growth\\\/#breadcrumb\"},\"inLanguage\":\"en-US\",\"potentialAction\":[{\"@type\":\"ReadAction\",\"target\":[\"https:\\\/\\\/www.evol.ca\\\/en\\\/acquisition-and-growth\\\/\"]}]},{\"@type\":\"BreadcrumbList\",\"@id\":\"https:\\\/\\\/www.evol.ca\\\/en\\\/acquisition-and-growth\\\/#breadcrumb\",\"itemListElement\":[{\"@type\":\"ListItem\",\"position\":1,\"name\":\"Accueil\",\"item\":\"https:\\\/\\\/www.evol.ca\\\/en\\\/\"},{\"@type\":\"ListItem\",\"position\":2,\"name\":\"business loan\"}]},{\"@type\":\"WebSite\",\"@id\":\"https:\\\/\\\/www.evol.ca\\\/#website\",\"url\":\"https:\\\/\\\/www.evol.ca\\\/\",\"name\":\"evol\",\"description\":\"financer le changement\",\"publisher\":{\"@id\":\"https:\\\/\\\/www.evol.ca\\\/#organization\"},\"potentialAction\":[{\"@type\":\"SearchAction\",\"target\":{\"@type\":\"EntryPoint\",\"urlTemplate\":\"https:\\\/\\\/www.evol.ca\\\/?s={search_term_string}\"},\"query-input\":{\"@type\":\"PropertyValueSpecification\",\"valueRequired\":true,\"valueName\":\"search_term_string\"}}],\"inLanguage\":\"en-US\"},{\"@type\":\"Organization\",\"@id\":\"https:\\\/\\\/www.evol.ca\\\/#organization\",\"name\":\"Evol\",\"url\":\"https:\\\/\\\/www.evol.ca\\\/\",\"logo\":{\"@type\":\"ImageObject\",\"inLanguage\":\"en-US\",\"@id\":\"https:\\\/\\\/www.evol.ca\\\/#\\\/schema\\\/logo\\\/image\\\/\",\"url\":\"https:\\\/\\\/www.evol.ca\\\/wp-content\\\/uploads\\\/2021\\\/10\\\/evol_financer_verti_rouge_RGB_FR.svg\",\"contentUrl\":\"https:\\\/\\\/www.evol.ca\\\/wp-content\\\/uploads\\\/2021\\\/10\\\/evol_financer_verti_rouge_RGB_FR.svg\",\"width\":371,\"height\":319,\"caption\":\"Evol\"},\"image\":{\"@id\":\"https:\\\/\\\/www.evol.ca\\\/#\\\/schema\\\/logo\\\/image\\\/\"},\"sameAs\":[\"https:\\\/\\\/www.facebook.com\\\/EvolQC\",\"https:\\\/\\\/www.linkedin.com\\\/company\\\/evolfinancement\\\/\",\"https:\\\/\\\/www.youtube.com\\\/channel\\\/UCtul9JAsLW-vB_KrlGSxHOw\"],\"description\":\"Nous offrons des pr\u00eats d\u2019entreprise et de l\u2019accompagnement aux entreprises ayant, ou qui souhaitent avoir, un impact positif, et ce, dans les 17 r\u00e9gions du Qu\u00e9bec. En ce sens, tous les entrepreneur\u00b7es qui obtiennent un pr\u00eat d\u2019entreprise avec nous sont invit\u00e9s \u00e0 s\u2019engager dans une d\u00e9marche de d\u00e9veloppement durable avec leur entreprise. Notre offre de financement inclut un accompagnement soutenu tout au long de la dur\u00e9e de votre pr\u00eat d\u2019entreprise. En nous choisissant comme partenaire financier, vous aurez acc\u00e8s \u00e0 de multiples services et ressources : suivis personnalis\u00e9s, autodiagnostic des comp\u00e9tences entrepreneuriales, suivis des \u00e9tats financiers, consultations gratuites aupr\u00e8s d\u2019experts de notre Brigade-conseil, ressources en d\u00e9veloppement durable, capsules \u00e9ducatives en ligne, etc. Notre approche est humaine et empathique. Ainsi, le soutien offert est adapt\u00e9 \u00e0 votre r\u00e9alit\u00e9 afin de maximiser vos chances de vous d\u00e9velopper pleinement selon vos ambitions. Notre offre de services est destin\u00e9e aux entreprises en d\u00e9marrage, en croissance ou en processus de rel\u00e8ve ou d\u2019acquisition, dont la propri\u00e9t\u00e9 est diversifi\u00e9e et inclusive. C\u2019est-\u00e0-dire qu\u2019elle est dirig\u00e9e par au moins une personne appartenant \u00e0 une communaut\u00e9 sous-repr\u00e9sent\u00e9e en entrepreneuriat (femmes, personnes racis\u00e9es, personnes immigrantes, membres Premi\u00e8res Nations et Inuits, personnes de la communaut\u00e9 LGBTQ2S+ et personnes en situation de handicap) qui d\u00e9tient un poste strat\u00e9gique au sein de l\u2019entreprise et au moins 25 % des parts et des votes.\",\"telephone\":\"18445237767\"}]}<\/script>\n<!-- \/ Yoast SEO Premium plugin. -->","yoast_head_json":{"title":"business loan - evol","robots":{"index":"index","follow":"follow","max-snippet":"max-snippet:-1","max-image-preview":"max-image-preview:large","max-video-preview":"max-video-preview:-1"},"canonical":"https:\/\/www.evol.ca\/en\/acquisition-and-growth\/","og_locale":"en_US","og_type":"article","og_title":"business loan","og_description":"loans from $20,000 to $450,000 documents required to start an application","og_url":"https:\/\/www.evol.ca\/en\/acquisition-and-growth\/","og_site_name":"evol","article_publisher":"https:\/\/www.facebook.com\/EvolQC","article_modified_time":"2025-11-17T20:41:37+00:00","twitter_card":"summary_large_image","twitter_misc":{"Est. reading time":"2 minutes"},"schema":{"@context":"https:\/\/schema.org","@graph":[{"@type":"WebPage","@id":"https:\/\/www.evol.ca\/en\/acquisition-and-growth\/","url":"https:\/\/www.evol.ca\/en\/acquisition-and-growth\/","name":"business loan - evol","isPartOf":{"@id":"https:\/\/www.evol.ca\/#website"},"datePublished":"2021-11-10T03:36:24+00:00","dateModified":"2025-11-17T20:41:37+00:00","breadcrumb":{"@id":"https:\/\/www.evol.ca\/en\/acquisition-and-growth\/#breadcrumb"},"inLanguage":"en-US","potentialAction":[{"@type":"ReadAction","target":["https:\/\/www.evol.ca\/en\/acquisition-and-growth\/"]}]},{"@type":"BreadcrumbList","@id":"https:\/\/www.evol.ca\/en\/acquisition-and-growth\/#breadcrumb","itemListElement":[{"@type":"ListItem","position":1,"name":"Accueil","item":"https:\/\/www.evol.ca\/en\/"},{"@type":"ListItem","position":2,"name":"business loan"}]},{"@type":"WebSite","@id":"https:\/\/www.evol.ca\/#website","url":"https:\/\/www.evol.ca\/","name":"evol","description":"financer le changement","publisher":{"@id":"https:\/\/www.evol.ca\/#organization"},"potentialAction":[{"@type":"SearchAction","target":{"@type":"EntryPoint","urlTemplate":"https:\/\/www.evol.ca\/?s={search_term_string}"},"query-input":{"@type":"PropertyValueSpecification","valueRequired":true,"valueName":"search_term_string"}}],"inLanguage":"en-US"},{"@type":"Organization","@id":"https:\/\/www.evol.ca\/#organization","name":"Evol","url":"https:\/\/www.evol.ca\/","logo":{"@type":"ImageObject","inLanguage":"en-US","@id":"https:\/\/www.evol.ca\/#\/schema\/logo\/image\/","url":"https:\/\/www.evol.ca\/wp-content\/uploads\/2021\/10\/evol_financer_verti_rouge_RGB_FR.svg","contentUrl":"https:\/\/www.evol.ca\/wp-content\/uploads\/2021\/10\/evol_financer_verti_rouge_RGB_FR.svg","width":371,"height":319,"caption":"Evol"},"image":{"@id":"https:\/\/www.evol.ca\/#\/schema\/logo\/image\/"},"sameAs":["https:\/\/www.facebook.com\/EvolQC","https:\/\/www.linkedin.com\/company\/evolfinancement\/","https:\/\/www.youtube.com\/channel\/UCtul9JAsLW-vB_KrlGSxHOw"],"description":"Nous offrons des pr\u00eats d\u2019entreprise et de l\u2019accompagnement aux entreprises ayant, ou qui souhaitent avoir, un impact positif, et ce, dans les 17 r\u00e9gions du Qu\u00e9bec. En ce sens, tous les entrepreneur\u00b7es qui obtiennent un pr\u00eat d\u2019entreprise avec nous sont invit\u00e9s \u00e0 s\u2019engager dans une d\u00e9marche de d\u00e9veloppement durable avec leur entreprise. Notre offre de financement inclut un accompagnement soutenu tout au long de la dur\u00e9e de votre pr\u00eat d\u2019entreprise. En nous choisissant comme partenaire financier, vous aurez acc\u00e8s \u00e0 de multiples services et ressources : suivis personnalis\u00e9s, autodiagnostic des comp\u00e9tences entrepreneuriales, suivis des \u00e9tats financiers, consultations gratuites aupr\u00e8s d\u2019experts de notre Brigade-conseil, ressources en d\u00e9veloppement durable, capsules \u00e9ducatives en ligne, etc. Notre approche est humaine et empathique. Ainsi, le soutien offert est adapt\u00e9 \u00e0 votre r\u00e9alit\u00e9 afin de maximiser vos chances de vous d\u00e9velopper pleinement selon vos ambitions. Notre offre de services est destin\u00e9e aux entreprises en d\u00e9marrage, en croissance ou en processus de rel\u00e8ve ou d\u2019acquisition, dont la propri\u00e9t\u00e9 est diversifi\u00e9e et inclusive. C\u2019est-\u00e0-dire qu\u2019elle est dirig\u00e9e par au moins une personne appartenant \u00e0 une communaut\u00e9 sous-repr\u00e9sent\u00e9e en entrepreneuriat (femmes, personnes racis\u00e9es, personnes immigrantes, membres Premi\u00e8res Nations et Inuits, personnes de la communaut\u00e9 LGBTQ2S+ et personnes en situation de handicap) qui d\u00e9tient un poste strat\u00e9gique au sein de l\u2019entreprise et au moins 25 % des parts et des votes.","telephone":"18445237767"}]}},"_links":{"self":[{"href":"https:\/\/www.evol.ca\/en\/wp-json\/wp\/v2\/pages\/4835","targetHints":{"allow":["GET"]}}],"collection":[{"href":"https:\/\/www.evol.ca\/en\/wp-json\/wp\/v2\/pages"}],"about":[{"href":"https:\/\/www.evol.ca\/en\/wp-json\/wp\/v2\/types\/page"}],"author":[{"embeddable":true,"href":"https:\/\/www.evol.ca\/en\/wp-json\/wp\/v2\/users\/2"}],"replies":[{"embeddable":true,"href":"https:\/\/www.evol.ca\/en\/wp-json\/wp\/v2\/comments?post=4835"}],"version-history":[{"count":0,"href":"https:\/\/www.evol.ca\/en\/wp-json\/wp\/v2\/pages\/4835\/revisions"}],"wp:attachment":[{"href":"https:\/\/www.evol.ca\/en\/wp-json\/wp\/v2\/media?parent=4835"}],"curies":[{"name":"wp","href":"https:\/\/api.w.org\/{rel}","templated":true}]}}